{"id":4071,"date":"2023-12-22T14:57:39","date_gmt":"2023-12-22T14:57:39","guid":{"rendered":"http:\/\/tulucechemicals.com\/product\/1lb-clean-pool-sodium-chlorite-80-making-mms-water-purification\/"},"modified":"2026-04-03T00:19:14","modified_gmt":"2026-04-02T23:19:14","slug":"1lb-clean-pool-sodium-chlorite-making-mms-water-purification","status":"publish","type":"product","link":"https:\/\/tulucechemicals.com\/fr\/shop\/1lb-clean-pool-sodium-chlorite-making-mms-water-purification\/","title":{"rendered":"1lb Chlorite de Sodium poudre NaClO2 d\u00e9sinfectant et purificateur d'eau Clean Pool\u00ae"},"content":{"rendered":"<p><a href=\"https:\/\/i0.wp.com\/tulucechemicals.com\/wp-content\/uploads\/2018\/05\/2.png?ssl=1\"><img data-recalc-dims=\"1\" fetchpriority=\"high\" decoding=\"async\" class=\"alignleft wp-image-53086 size-full\" src=\"https:\/\/i0.wp.com\/tulucechemicals.com\/wp-content\/uploads\/2018\/05\/2.png?resize=950%2C672&#038;ssl=1\" alt=\"\" width=\"950\" height=\"672\" srcset=\"https:\/\/i0.wp.com\/tulucechemicals.com\/wp-content\/uploads\/2018\/05\/2.png?w=1000&amp;ssl=1 1000w, https:\/\/i0.wp.com\/tulucechemicals.com\/wp-content\/uploads\/2018\/05\/2.png?resize=300%2C212&amp;ssl=1 300w, https:\/\/i0.wp.com\/tulucechemicals.com\/wp-content\/uploads\/2018\/05\/2.png?resize=18%2C12&amp;ssl=1 18w\" sizes=\"(max-width: 950px) 100vw, 950px\" \/><\/a><\/p>\n<p>&nbsp;<\/p>\n<p>&nbsp;<\/p>\n<p>&nbsp;<\/p>\n<p>&nbsp;<\/p>\n<p><a href=\"https:\/\/i0.wp.com\/tulucechemicals.com\/wp-content\/uploads\/2018\/05\/Sodium-chlorite.png?ssl=1\"><img data-recalc-dims=\"1\" decoding=\"async\" class=\"alignnone wp-image-53087 size-full\" src=\"https:\/\/i0.wp.com\/tulucechemicals.com\/wp-content\/uploads\/2018\/05\/Sodium-chlorite.png?resize=950%2C672&#038;ssl=1\" alt=\"\" width=\"950\" height=\"672\" srcset=\"https:\/\/i0.wp.com\/tulucechemicals.com\/wp-content\/uploads\/2018\/05\/Sodium-chlorite.png?w=1000&amp;ssl=1 1000w, https:\/\/i0.wp.com\/tulucechemicals.com\/wp-content\/uploads\/2018\/05\/Sodium-chlorite.png?resize=300%2C212&amp;ssl=1 300w, https:\/\/i0.wp.com\/tulucechemicals.com\/wp-content\/uploads\/2018\/05\/Sodium-chlorite.png?resize=18%2C12&amp;ssl=1 18w\" sizes=\"(max-width: 950px) 100vw, 950px\" \/><\/a><a href=\"https:\/\/tulucechemicals.com\/fr\/?s=sodium+chlorite&amp;post_type=product\"><img data-recalc-dims=\"1\" decoding=\"async\" class=\"alignnone wp-image-53023 size-thumbnail\" src=\"https:\/\/i0.wp.com\/tulucechemicals.com\/wp-content\/uploads\/2007\/01\/size.png?resize=150%2C82&#038;ssl=1\" alt=\"\" width=\"150\" height=\"82\" \/><\/a><\/p>\n<h3><span style=\"color: #e34444;\">Attention! NOT TO BE CONSUMED DIRECTLY<\/span><\/h3>\n<h3><span style=\"color: #e34444;\">Le d\u00e9lai de livraison estim\u00e9 est de 15 jours apr\u00e8s l'exp\u00e9dition.<\/span><\/h3>\n<h3><span style=\"color: #339966;\">CHLORE SANS ODEUR POUR L'ASSAINISSEMENT DES PISCINES, DES PUITS ET DES R\u00c9SERVOIRS<\/span><\/h3>\n<h2><span style=\"color: #e34444;\"><strong>Forfait: 1lb= 450g<\/strong>\u00a0<strong>Chlorite de Sodium en Poudre (NaClO2)<\/strong><\/span><\/h2>\n<h2><span style=\"color: #e34444;\"><strong>Traite 11 000 gallons d'eau.<\/strong><\/span><\/h2>\n<h2><span style=\"color: #c94b4b;\"><strong>35 g de produit + 65 ml d'eau = 100 g de solution de dioxyde de chlore<\/strong><\/span><\/h2>\n<p>&nbsp;<\/p>","protected":false},"excerpt":{"rendered":"<h3><span style=\"color: #e34444;\"><strong>Forfait: 1lb= 450g<\/strong>\u00a0<\/span><\/h3>\n<h3><span style=\"color: #e34444;\"><strong>Sodium Chlorite (NaClO2)<\/strong><\/span><\/h3>","protected":false},"featured_media":52803,"comment_status":"open","ping_status":"closed","template":"","meta":[],"product_brand":[],"product_cat":[130],"product_tag":[143,145,128,144],"class_list":{"0":"post-4071","1":"product","2":"type-product","3":"status-publish","4":"has-post-thumbnail","6":"product_cat-sodium-salts","7":"product_tag-cds","8":"product_tag-disinfectant","9":"product_tag-sodium-chlorite","10":"product_tag-water-purification","11":"product_shipping_class-146","13":"first","14":"outofstock","15":"sale","16":"shipping-taxable","17":"purchasable","18":"product-type-simple"},"yoast_head":"<!-- This site is optimized with the Yoast SEO plugin v27.4 - https:\/\/yoast.com\/product\/yoast-seo-wordpress\/ -->\n<title>1lb Sodium Chlorite Powder NaClO2 disinfectant and water purification Clean Pool\u00ae Micro Flakes -<\/title>\n<meta name=\"description\" content=\"ODORLESS CHLORINE FOR SANITIZING POOLS &amp; WELLS &amp; TANKS Package: 11lbs= 5000g Sodium Chlorite 80% clorito de sodio Treats 168000 gallons of water.\" \/>\n<meta name=\"robots\" content=\"index, follow, max-snippet:-1, max-image-preview:large, max-video-preview:-1\" \/>\n<link rel=\"canonical\" href=\"https:\/\/tulucechemicals.com\/fr\/shop\/1lb-clean-pool-sodium-chlorite-making-mms-water-purification\/\" \/>\n<meta property=\"og:locale\" content=\"fr_FR\" \/>\n<meta property=\"og:type\" content=\"article\" \/>\n<meta property=\"og:title\" content=\"1lb Sodium Chlorite Powder NaClO2 disinfectant and water purification Clean Pool\u00ae Micro Flakes -\" \/>\n<meta property=\"og:description\" content=\"ODORLESS CHLORINE FOR SANITIZING POOLS &amp; WELLS &amp; TANKS Package: 11lbs= 5000g Sodium Chlorite 80% clorito de sodio Treats 168000 gallons of water.\" \/>\n<meta property=\"og:url\" content=\"https:\/\/tulucechemicals.com\/fr\/shop\/1lb-clean-pool-sodium-chlorite-making-mms-water-purification\/\" \/>\n<meta property=\"article:modified_time\" content=\"2026-04-02T23:19:14+00:00\" \/>\n<meta property=\"og:image\" content=\"https:\/\/tulucechemicals.com\/wp-content\/uploads\/2023\/09\/cleanpooly-2AY.png\" \/>\n\t<meta property=\"og:image:width\" content=\"786\" \/>\n\t<meta property=\"og:image:height\" content=\"1250\" \/>\n\t<meta property=\"og:image:type\" content=\"image\/png\" \/>\n<meta name=\"twitter:card\" content=\"summary_large_image\" \/>\n<meta name=\"twitter:label1\" content=\"Dur\u00e9e de lecture estim\u00e9e\" \/>\n\t<meta name=\"twitter:data1\" content=\"1 minute\" \/>\n<script type=\"application\/ld+json\" class=\"yoast-schema-graph\">{\"@context\":\"https:\\\/\\\/schema.org\",\"@graph\":[{\"@type\":\"WebPage\",\"@id\":\"https:\\\/\\\/tulucechemicals.com\\\/shop\\\/1lb-clean-pool-sodium-chlorite-making-mms-water-purification\\\/\",\"url\":\"https:\\\/\\\/tulucechemicals.com\\\/shop\\\/1lb-clean-pool-sodium-chlorite-making-mms-water-purification\\\/\",\"name\":\"1lb Sodium Chlorite Powder NaClO2 disinfectant and water purification Clean Pool\u00ae Micro Flakes -\",\"isPartOf\":{\"@id\":\"https:\\\/\\\/tulucechemicals.com\\\/#website\"},\"primaryImageOfPage\":{\"@id\":\"https:\\\/\\\/tulucechemicals.com\\\/shop\\\/1lb-clean-pool-sodium-chlorite-making-mms-water-purification\\\/#primaryimage\"},\"image\":{\"@id\":\"https:\\\/\\\/tulucechemicals.com\\\/shop\\\/1lb-clean-pool-sodium-chlorite-making-mms-water-purification\\\/#primaryimage\"},\"thumbnailUrl\":\"https:\\\/\\\/tulucechemicals.com\\\/wp-content\\\/uploads\\\/2023\\\/09\\\/cleanpooly-2AY.png\",\"datePublished\":\"2023-12-22T14:57:39+00:00\",\"dateModified\":\"2026-04-02T23:19:14+00:00\",\"description\":\"ODORLESS CHLORINE FOR SANITIZING POOLS & WELLS & TANKS Package: 11lbs= 5000g Sodium Chlorite 80% clorito de sodio Treats 168000 gallons of water.\",\"breadcrumb\":{\"@id\":\"https:\\\/\\\/tulucechemicals.com\\\/shop\\\/1lb-clean-pool-sodium-chlorite-making-mms-water-purification\\\/#breadcrumb\"},\"inLanguage\":\"fr-FR\",\"potentialAction\":[{\"@type\":\"ReadAction\",\"target\":[\"https:\\\/\\\/tulucechemicals.com\\\/shop\\\/1lb-clean-pool-sodium-chlorite-making-mms-water-purification\\\/\"]}]},{\"@type\":\"ImageObject\",\"inLanguage\":\"fr-FR\",\"@id\":\"https:\\\/\\\/tulucechemicals.com\\\/shop\\\/1lb-clean-pool-sodium-chlorite-making-mms-water-purification\\\/#primaryimage\",\"url\":\"https:\\\/\\\/tulucechemicals.com\\\/wp-content\\\/uploads\\\/2023\\\/09\\\/cleanpooly-2AY.png\",\"contentUrl\":\"https:\\\/\\\/tulucechemicals.com\\\/wp-content\\\/uploads\\\/2023\\\/09\\\/cleanpooly-2AY.png\",\"width\":786,\"height\":1250},{\"@type\":\"BreadcrumbList\",\"@id\":\"https:\\\/\\\/tulucechemicals.com\\\/shop\\\/1lb-clean-pool-sodium-chlorite-making-mms-water-purification\\\/#breadcrumb\",\"itemListElement\":[{\"@type\":\"ListItem\",\"position\":1,\"name\":\"Home\",\"item\":\"https:\\\/\\\/tulucechemicals.com\\\/\"},{\"@type\":\"ListItem\",\"position\":2,\"name\":\"Shop\",\"item\":\"https:\\\/\\\/tulucechemicals.com\\\/shop\\\/\"},{\"@type\":\"ListItem\",\"position\":3,\"name\":\"1lb Sodium Chlorite Powder NaClO2 disinfectant and water purification Clean Pool\u00ae Micro Flakes\"}]},{\"@type\":\"WebSite\",\"@id\":\"https:\\\/\\\/tulucechemicals.com\\\/#website\",\"url\":\"https:\\\/\\\/tulucechemicals.com\\\/\",\"name\":\"\",\"description\":\"Sodium Chlorite Supplier\",\"publisher\":{\"@id\":\"https:\\\/\\\/tulucechemicals.com\\\/#organization\"},\"potentialAction\":[{\"@type\":\"SearchAction\",\"target\":{\"@type\":\"EntryPoint\",\"urlTemplate\":\"https:\\\/\\\/tulucechemicals.com\\\/?s={search_term_string}\"},\"query-input\":{\"@type\":\"PropertyValueSpecification\",\"valueRequired\":true,\"valueName\":\"search_term_string\"}}],\"inLanguage\":\"fr-FR\"},{\"@type\":\"Organization\",\"@id\":\"https:\\\/\\\/tulucechemicals.com\\\/#organization\",\"name\":\"Tuluce Chemicals\",\"url\":\"https:\\\/\\\/tulucechemicals.com\\\/\",\"logo\":{\"@type\":\"ImageObject\",\"inLanguage\":\"fr-FR\",\"@id\":\"https:\\\/\\\/tulucechemicals.com\\\/#\\\/schema\\\/logo\\\/image\\\/\",\"url\":\"https:\\\/\\\/tulucechemicals.com\\\/wp-content\\\/uploads\\\/2022\\\/03\\\/cropped-cropped-logo1t-1-1.png\",\"contentUrl\":\"https:\\\/\\\/tulucechemicals.com\\\/wp-content\\\/uploads\\\/2022\\\/03\\\/cropped-cropped-logo1t-1-1.png\",\"width\":700,\"height\":634,\"caption\":\"Tuluce Chemicals\"},\"image\":{\"@id\":\"https:\\\/\\\/tulucechemicals.com\\\/#\\\/schema\\\/logo\\\/image\\\/\"}}]}<\/script>\n<!-- \/ Yoast SEO plugin. -->","yoast_head_json":{"title":"1lb Sodium Chlorite Powder NaClO2 disinfectant and water purification Clean Pool\u00ae Micro Flakes -","description":"ODORLESS CHLORINE FOR SANITIZING POOLS & WELLS & TANKS Package: 11lbs= 5000g Sodium Chlorite 80% clorito de sodio Treats 168000 gallons of water.","robots":{"index":"index","follow":"follow","max-snippet":"max-snippet:-1","max-image-preview":"max-image-preview:large","max-video-preview":"max-video-preview:-1"},"canonical":"https:\/\/tulucechemicals.com\/fr\/shop\/1lb-clean-pool-sodium-chlorite-making-mms-water-purification\/","og_locale":"fr_FR","og_type":"article","og_title":"1lb Sodium Chlorite Powder NaClO2 disinfectant and water purification Clean Pool\u00ae Micro Flakes -","og_description":"ODORLESS CHLORINE FOR SANITIZING POOLS & WELLS & TANKS Package: 11lbs= 5000g Sodium Chlorite 80% clorito de sodio Treats 168000 gallons of water.","og_url":"https:\/\/tulucechemicals.com\/fr\/shop\/1lb-clean-pool-sodium-chlorite-making-mms-water-purification\/","article_modified_time":"2026-04-02T23:19:14+00:00","og_image":[{"width":786,"height":1250,"url":"https:\/\/tulucechemicals.com\/wp-content\/uploads\/2023\/09\/cleanpooly-2AY.png","type":"image\/png"}],"twitter_card":"summary_large_image","twitter_misc":{"Dur\u00e9e de lecture estim\u00e9e":"1 minute"},"schema":{"@context":"https:\/\/schema.org","@graph":[{"@type":"WebPage","@id":"https:\/\/tulucechemicals.com\/shop\/1lb-clean-pool-sodium-chlorite-making-mms-water-purification\/","url":"https:\/\/tulucechemicals.com\/shop\/1lb-clean-pool-sodium-chlorite-making-mms-water-purification\/","name":"1lb Sodium Chlorite Powder NaClO2 disinfectant and water purification Clean Pool\u00ae Micro Flakes -","isPartOf":{"@id":"https:\/\/tulucechemicals.com\/#website"},"primaryImageOfPage":{"@id":"https:\/\/tulucechemicals.com\/shop\/1lb-clean-pool-sodium-chlorite-making-mms-water-purification\/#primaryimage"},"image":{"@id":"https:\/\/tulucechemicals.com\/shop\/1lb-clean-pool-sodium-chlorite-making-mms-water-purification\/#primaryimage"},"thumbnailUrl":"https:\/\/tulucechemicals.com\/wp-content\/uploads\/2023\/09\/cleanpooly-2AY.png","datePublished":"2023-12-22T14:57:39+00:00","dateModified":"2026-04-02T23:19:14+00:00","description":"ODORLESS CHLORINE FOR SANITIZING POOLS & WELLS & TANKS Package: 11lbs= 5000g Sodium Chlorite 80% clorito de sodio Treats 168000 gallons of water.","breadcrumb":{"@id":"https:\/\/tulucechemicals.com\/shop\/1lb-clean-pool-sodium-chlorite-making-mms-water-purification\/#breadcrumb"},"inLanguage":"fr-FR","potentialAction":[{"@type":"ReadAction","target":["https:\/\/tulucechemicals.com\/shop\/1lb-clean-pool-sodium-chlorite-making-mms-water-purification\/"]}]},{"@type":"ImageObject","inLanguage":"fr-FR","@id":"https:\/\/tulucechemicals.com\/shop\/1lb-clean-pool-sodium-chlorite-making-mms-water-purification\/#primaryimage","url":"https:\/\/tulucechemicals.com\/wp-content\/uploads\/2023\/09\/cleanpooly-2AY.png","contentUrl":"https:\/\/tulucechemicals.com\/wp-content\/uploads\/2023\/09\/cleanpooly-2AY.png","width":786,"height":1250},{"@type":"BreadcrumbList","@id":"https:\/\/tulucechemicals.com\/shop\/1lb-clean-pool-sodium-chlorite-making-mms-water-purification\/#breadcrumb","itemListElement":[{"@type":"ListItem","position":1,"name":"Home","item":"https:\/\/tulucechemicals.com\/"},{"@type":"ListItem","position":2,"name":"Shop","item":"https:\/\/tulucechemicals.com\/shop\/"},{"@type":"ListItem","position":3,"name":"1lb Sodium Chlorite Powder NaClO2 disinfectant and water purification Clean Pool\u00ae Micro Flakes"}]},{"@type":"WebSite","@id":"https:\/\/tulucechemicals.com\/#website","url":"https:\/\/tulucechemicals.com\/","name":"","description":"Sodium Chlorite Supplier","publisher":{"@id":"https:\/\/tulucechemicals.com\/#organization"},"potentialAction":[{"@type":"SearchAction","target":{"@type":"EntryPoint","urlTemplate":"https:\/\/tulucechemicals.com\/?s={search_term_string}"},"query-input":{"@type":"PropertyValueSpecification","valueRequired":true,"valueName":"search_term_string"}}],"inLanguage":"fr-FR"},{"@type":"Organization","@id":"https:\/\/tulucechemicals.com\/#organization","name":"Tuluce Chemicals","url":"https:\/\/tulucechemicals.com\/","logo":{"@type":"ImageObject","inLanguage":"fr-FR","@id":"https:\/\/tulucechemicals.com\/#\/schema\/logo\/image\/","url":"https:\/\/tulucechemicals.com\/wp-content\/uploads\/2022\/03\/cropped-cropped-logo1t-1-1.png","contentUrl":"https:\/\/tulucechemicals.com\/wp-content\/uploads\/2022\/03\/cropped-cropped-logo1t-1-1.png","width":700,"height":634,"caption":"Tuluce Chemicals"},"image":{"@id":"https:\/\/tulucechemicals.com\/#\/schema\/logo\/image\/"}}]}},"jetpack_sharing_enabled":true,"featured_media_urls":{"thumbnail":["https:\/\/tulucechemicals.com\/wp-content\/uploads\/2023\/09\/cleanpooly-2AY-150x150.png",150,150,true],"medium":["https:\/\/tulucechemicals.com\/wp-content\/uploads\/2023\/09\/cleanpooly-2AY-189x300.png",189,300,true],"medium_large":["https:\/\/tulucechemicals.com\/wp-content\/uploads\/2023\/09\/cleanpooly-2AY-768x1221.png",768,1221,true],"large":["https:\/\/tulucechemicals.com\/wp-content\/uploads\/2023\/09\/cleanpooly-2AY-644x1024.png",644,1024,true],"1536x1536":["https:\/\/tulucechemicals.com\/wp-content\/uploads\/2023\/09\/cleanpooly-2AY.png",786,1250,false],"2048x2048":["https:\/\/tulucechemicals.com\/wp-content\/uploads\/2023\/09\/cleanpooly-2AY.png",786,1250,false],"trp-custom-language-flag":["https:\/\/tulucechemicals.com\/wp-content\/uploads\/2023\/09\/cleanpooly-2AY-8x12.png",8,12,true],"inspiro-featured-image":["https:\/\/tulucechemicals.com\/wp-content\/uploads\/2023\/09\/cleanpooly-2AY.png",786,1250,false],"inspiro-loop":["https:\/\/tulucechemicals.com\/wp-content\/uploads\/2023\/09\/cleanpooly-2AY-786x320.png",786,320,true],"inspiro-loop@2x":["https:\/\/tulucechemicals.com\/wp-content\/uploads\/2023\/09\/cleanpooly-2AY-786x640.png",786,640,true],"woocommerce_thumbnail":["https:\/\/tulucechemicals.com\/wp-content\/uploads\/2023\/09\/cleanpooly-2AY-270x215.png",270,215,true],"woocommerce_single":["https:\/\/tulucechemicals.com\/wp-content\/uploads\/2023\/09\/cleanpooly-2AY.png",500,795,false],"woocommerce_gallery_thumbnail":["https:\/\/tulucechemicals.com\/wp-content\/uploads\/2023\/09\/cleanpooly-2AY-100x100.png",100,100,true],"portfolio_item-thumbnail":["https:\/\/tulucechemicals.com\/wp-content\/uploads\/2023\/09\/cleanpooly-2AY-600x400.png",600,400,true],"portfolio_item-thumbnail@2x":["https:\/\/tulucechemicals.com\/wp-content\/uploads\/2023\/09\/cleanpooly-2AY-786x800.png",786,800,true],"portfolio_item-masonry":["https:\/\/tulucechemicals.com\/wp-content\/uploads\/2023\/09\/cleanpooly-2AY-600x954.png",600,954,true],"portfolio_item-masonry@2x":["https:\/\/tulucechemicals.com\/wp-content\/uploads\/2023\/09\/cleanpooly-2AY.png",786,1250,false],"portfolio_item-thumbnail_cinema":["https:\/\/tulucechemicals.com\/wp-content\/uploads\/2023\/09\/cleanpooly-2AY-786x335.png",786,335,true],"portfolio_item-thumbnail_portrait":["https:\/\/tulucechemicals.com\/wp-content\/uploads\/2023\/09\/cleanpooly-2AY-600x900.png",600,900,true],"portfolio_item-thumbnail_portrait@2x":["https:\/\/tulucechemicals.com\/wp-content\/uploads\/2023\/09\/cleanpooly-2AY.png",786,1250,false],"portfolio_item-thumbnail_square":["https:\/\/tulucechemicals.com\/wp-content\/uploads\/2023\/09\/cleanpooly-2AY-786x800.png",786,800,true],"sow-carousel-default":["https:\/\/tulucechemicals.com\/wp-content\/uploads\/2023\/09\/cleanpooly-2AY-272x182.png",272,182,true]},"_links":{"self":[{"href":"https:\/\/tulucechemicals.com\/fr\/wp-json\/wp\/v2\/product\/4071","targetHints":{"allow":["GET"]}}],"collection":[{"href":"https:\/\/tulucechemicals.com\/fr\/wp-json\/wp\/v2\/product"}],"about":[{"href":"https:\/\/tulucechemicals.com\/fr\/wp-json\/wp\/v2\/types\/product"}],"replies":[{"embeddable":true,"href":"https:\/\/tulucechemicals.com\/fr\/wp-json\/wp\/v2\/comments?post=4071"}],"wp:featuredmedia":[{"embeddable":true,"href":"https:\/\/tulucechemicals.com\/fr\/wp-json\/wp\/v2\/media\/52803"}],"wp:attachment":[{"href":"https:\/\/tulucechemicals.com\/fr\/wp-json\/wp\/v2\/media?parent=4071"}],"wp:term":[{"taxonomy":"product_brand","embeddable":true,"href":"https:\/\/tulucechemicals.com\/fr\/wp-json\/wp\/v2\/product_brand?post=4071"},{"taxonomy":"product_cat","embeddable":true,"href":"https:\/\/tulucechemicals.com\/fr\/wp-json\/wp\/v2\/product_cat?post=4071"},{"taxonomy":"product_tag","embeddable":true,"href":"https:\/\/tulucechemicals.com\/fr\/wp-json\/wp\/v2\/product_tag?post=4071"}],"curies":[{"name":"wp","href":"https:\/\/api.w.org\/{rel}","templated":true}]}}