{"id":3882,"date":"2007-01-08T02:27:08","date_gmt":"2007-01-08T02:27:08","guid":{"rendered":"http:\/\/tulucechemicals.com\/product\/weed-control-99min-sodium-chlorate-treats-37-sq-yards-weedkiller-1lb\/"},"modified":"2024-01-31T09:41:41","modified_gmt":"2024-01-31T09:41:41","slug":"weed-control-99min-sodium-chlorate-treats-37-sq-yards-weedkiller-1lb","status":"publish","type":"product","link":"https:\/\/tulucechemicals.com\/fr\/shop\/weed-control-99min-sodium-chlorate-treats-37-sq-yards-weedkiller-1lb\/","title":{"rendered":"Weed Control\u00a9 Le chlorate de sodium \u00e0 99 % traite 37 m\u00e8tres yardes\u00a0! D\u00e9sherbant 1lb"},"content":{"rendered":"<h1><span style=\"color: #008000;\">Package: 1 lb =450g\u00a0 \u00a0 \u00a0<\/span><\/h1>\n<h3><span style=\"color: #008000;\">Chlorate de sodium 99%min (NaClO3)<\/span><\/h3>\n<p><a href=\"https:\/\/tulucechemicals.com\/fr\/?s=sodium+chlorate&amp;post_type=product\"><img data-recalc-dims=\"1\" decoding=\"async\" class=\"alignnone size-thumbnail wp-image-53023\" src=\"https:\/\/i0.wp.com\/tulucechemicals.com\/wp-content\/uploads\/2007\/01\/size.png?resize=150%2C82&#038;ssl=1\" alt=\"\" width=\"150\" height=\"82\" \/><\/a><\/p>\n<h3><\/h3>\n<h3><\/h3>\n<h3>Herbicides<\/h3>\n<h3>Pour les racines peu profondes, utilisez environ 250 g en 10 litres sur 20 m\u00e8tres carr\u00e9s.<\/h3>\n<h3><\/h3>\n<h3>Pour les racines profondes, utilisez environ 270 g en 5 litres sur 6 m\u00e8tres carr\u00e9s.<\/h3>\n<div><\/div>\n<h3>Le chlorate de sodium est utilis\u00e9 comme herbicide non s\u00e9lectif. Il est consid\u00e9r\u00e9 comme phytotoxique pour toutes les parties des plantes vertes. Il peut \u00e9galement tuer par absorption par les racines.<\/h3>\n<h3><\/h3>\n<h3>Le chlorate de sodium peut \u00eatre utilis\u00e9 pour contr\u00f4ler :<\/h3>\n<h3><\/h3>\n<h3>gloire du matin,<\/h3>\n<h3>Chardon des champs,<\/h3>\n<h3>herbe de johnson,<\/h3>\n<h3>bambou,<\/h3>\n<h3>s\u00e9ne\u00e7on et<\/h3>\n<h3>Le millepertuis.<\/h3>\n<h3>L'herbicide est principalement utilis\u00e9 sur les terres non cultiv\u00e9es pour le traitement localis\u00e9 et pour le contr\u00f4le total de la v\u00e9g\u00e9tation sur les bords de route, les cl\u00f4tures, les foss\u00e9s et autres.<\/h3>\n<h3><\/h3>\n<h3>Le chlorate de sodium est \u00e9galement utilis\u00e9 comme d\u00e9foliant et d\u00e9shydratant pour :<\/h3>\n<h3><\/h3>\n<h3>coton,<\/h3>\n<h3>carthame,<\/h3>\n<h3>ma\u00efs,<\/h3>\n<h3>lin,<\/h3>\n<h3>poivrons,<\/h3>\n<h3>soja,<\/h3>\n<h3>sorgho \u00e0 grains,<\/h3>\n<h3>pois du sud,<\/h3>\n<h3>haricots secs,<\/h3>\n<h3>riz et<\/h3>\n<h3>tournesols.<\/h3>\n<h3>If used in combination with atrazine, it increases the persistence of the effect. If used in combination with 2,4-D, it improves performance of the material. Sodium chlorate has a soil-sterilant effect. Mixing with other herbicides in aqueous solution is possible to some extent, so long as they are not susceptible to oxidation.<\/h3>\n<h3><\/h3>\n<h3><\/h3>\n<h3>Appellations commerciales<\/h3>\n<h3><\/h3>\n<h3>L'ingr\u00e9dient actif chlorate de sodium se trouve dans une vari\u00e9t\u00e9 d'herbicides commerciaux. Certains noms commerciaux de produits contenant du chlorate de sodium comprennent Atlacide, Defol, De-Fol-Ate, Drop-Leaf, Fall, Harvest-Aid, Kusatol, Leafex et Tumbleaf. Le compos\u00e9 peut \u00eatre utilis\u00e9 en combinaison avec d'autres herbicides tels que l'atrazine, le 2,4-D, le bromacil, le diuron et le sodium.<\/h3>","protected":false},"excerpt":{"rendered":"<p>Package: 1 lb =450g\u00a0 \u00a0 \u00a0 Sodium Chlorate 99%min (NaClO3) Herbicides For shallow roots use about 250g in 10lts over 20 sq yards. For deep roots use about 270g in 5lts over 6sq yards. Sodium chlorate is used as a non-selective herbicide. It is considered phytotoxic to all green plant parts. It can also kill &hellip; <\/p>\n<p class=\"link-more\"><a href=\"https:\/\/tulucechemicals.com\/fr\/shop\/weed-control-99min-sodium-chlorate-treats-37-sq-yards-weedkiller-1lb\/\" class=\"more-link\">Lire la suite de<span class=\"screen-reader-text\">\u00ab\u00a0Weed Control 99%min Sodium Chlorate Treats 37 sq yards! Weedkiller 1lb\u00a0\u00bb<\/span><\/a><\/p>","protected":false},"featured_media":53022,"comment_status":"open","ping_status":"closed","template":"","meta":[],"product_brand":[],"product_cat":[130],"product_tag":[138,140,139],"class_list":{"0":"post-3882","1":"product","2":"type-product","3":"status-publish","4":"has-post-thumbnail","6":"product_cat-sodium-salts","7":"product_tag-sodium-chlorate","8":"product_tag-weed-control","9":"product_tag-weedkiller","10":"product_shipping_class-146","12":"first","13":"instock","14":"sale","15":"shipping-taxable","16":"purchasable","17":"product-type-simple"},"yoast_head":"<!-- This site is optimized with the Yoast SEO plugin v27.3 - https:\/\/yoast.com\/product\/yoast-seo-wordpress\/ -->\n<title>Weed Control 99%min Sodium Chlorate Treats 37 sq yards! Weedkiller 1lb -<\/title>\n<meta name=\"robots\" content=\"index, follow, max-snippet:-1, max-image-preview:large, max-video-preview:-1\" \/>\n<link rel=\"canonical\" href=\"https:\/\/tulucechemicals.com\/fr\/shop\/weed-control-99min-sodium-chlorate-treats-37-sq-yards-weedkiller-1lb\/\" \/>\n<meta property=\"og:locale\" content=\"fr_FR\" \/>\n<meta property=\"og:type\" content=\"article\" \/>\n<meta property=\"og:title\" content=\"Weed Control 99%min Sodium Chlorate Treats 37 sq yards! Weedkiller 1lb -\" \/>\n<meta property=\"og:description\" content=\"Package: 1 lb =450g\u00a0 \u00a0 \u00a0 Sodium Chlorate 99%min (NaClO3) Herbicides For shallow roots use about 250g in 10lts over 20 sq yards. For deep roots use about 270g in 5lts over 6sq yards. Sodium chlorate is used as a non-selective herbicide. It is considered phytotoxic to all green plant parts. It can also kill &hellip; Lire la suite de\u00ab\u00a0Weed Control 99%min Sodium Chlorate Treats 37 sq yards! Weedkiller 1lb\u00a0\u00bb\" \/>\n<meta property=\"og:url\" content=\"https:\/\/tulucechemicals.com\/fr\/shop\/weed-control-99min-sodium-chlorate-treats-37-sq-yards-weedkiller-1lb\/\" \/>\n<meta property=\"article:modified_time\" content=\"2024-01-31T09:41:41+00:00\" \/>\n<meta property=\"og:image\" content=\"https:\/\/tulucechemicals.com\/wp-content\/uploads\/2024\/01\/sch.png\" \/>\n\t<meta property=\"og:image:width\" content=\"493\" \/>\n\t<meta property=\"og:image:height\" content=\"487\" \/>\n\t<meta property=\"og:image:type\" content=\"image\/png\" \/>\n<meta name=\"twitter:card\" content=\"summary_large_image\" \/>\n<meta name=\"twitter:label1\" content=\"Dur\u00e9e de lecture estim\u00e9e\" \/>\n\t<meta name=\"twitter:data1\" content=\"2 minutes\" \/>\n<script type=\"application\/ld+json\" class=\"yoast-schema-graph\">{\"@context\":\"https:\\\/\\\/schema.org\",\"@graph\":[{\"@type\":\"WebPage\",\"@id\":\"https:\\\/\\\/tulucechemicals.com\\\/shop\\\/weed-control-99min-sodium-chlorate-treats-37-sq-yards-weedkiller-1lb\\\/\",\"url\":\"https:\\\/\\\/tulucechemicals.com\\\/shop\\\/weed-control-99min-sodium-chlorate-treats-37-sq-yards-weedkiller-1lb\\\/\",\"name\":\"Weed Control 99%min Sodium Chlorate Treats 37 sq yards! Weedkiller 1lb -\",\"isPartOf\":{\"@id\":\"https:\\\/\\\/tulucechemicals.com\\\/#website\"},\"primaryImageOfPage\":{\"@id\":\"https:\\\/\\\/tulucechemicals.com\\\/shop\\\/weed-control-99min-sodium-chlorate-treats-37-sq-yards-weedkiller-1lb\\\/#primaryimage\"},\"image\":{\"@id\":\"https:\\\/\\\/tulucechemicals.com\\\/shop\\\/weed-control-99min-sodium-chlorate-treats-37-sq-yards-weedkiller-1lb\\\/#primaryimage\"},\"thumbnailUrl\":\"https:\\\/\\\/tulucechemicals.com\\\/wp-content\\\/uploads\\\/2024\\\/01\\\/sch.png\",\"datePublished\":\"2007-01-08T02:27:08+00:00\",\"dateModified\":\"2024-01-31T09:41:41+00:00\",\"breadcrumb\":{\"@id\":\"https:\\\/\\\/tulucechemicals.com\\\/shop\\\/weed-control-99min-sodium-chlorate-treats-37-sq-yards-weedkiller-1lb\\\/#breadcrumb\"},\"inLanguage\":\"fr-FR\",\"potentialAction\":[{\"@type\":\"ReadAction\",\"target\":[\"https:\\\/\\\/tulucechemicals.com\\\/shop\\\/weed-control-99min-sodium-chlorate-treats-37-sq-yards-weedkiller-1lb\\\/\"]}]},{\"@type\":\"ImageObject\",\"inLanguage\":\"fr-FR\",\"@id\":\"https:\\\/\\\/tulucechemicals.com\\\/shop\\\/weed-control-99min-sodium-chlorate-treats-37-sq-yards-weedkiller-1lb\\\/#primaryimage\",\"url\":\"https:\\\/\\\/tulucechemicals.com\\\/wp-content\\\/uploads\\\/2024\\\/01\\\/sch.png\",\"contentUrl\":\"https:\\\/\\\/tulucechemicals.com\\\/wp-content\\\/uploads\\\/2024\\\/01\\\/sch.png\",\"width\":493,\"height\":487},{\"@type\":\"BreadcrumbList\",\"@id\":\"https:\\\/\\\/tulucechemicals.com\\\/shop\\\/weed-control-99min-sodium-chlorate-treats-37-sq-yards-weedkiller-1lb\\\/#breadcrumb\",\"itemListElement\":[{\"@type\":\"ListItem\",\"position\":1,\"name\":\"Home\",\"item\":\"https:\\\/\\\/tulucechemicals.com\\\/\"},{\"@type\":\"ListItem\",\"position\":2,\"name\":\"Shop\",\"item\":\"https:\\\/\\\/tulucechemicals.com\\\/shop\\\/\"},{\"@type\":\"ListItem\",\"position\":3,\"name\":\"Weed Control 99%min Sodium Chlorate Treats 37 sq yards! Weedkiller 1lb\"}]},{\"@type\":\"WebSite\",\"@id\":\"https:\\\/\\\/tulucechemicals.com\\\/#website\",\"url\":\"https:\\\/\\\/tulucechemicals.com\\\/\",\"name\":\"\",\"description\":\"Sodium Chlorite Supplier\",\"publisher\":{\"@id\":\"https:\\\/\\\/tulucechemicals.com\\\/#organization\"},\"potentialAction\":[{\"@type\":\"SearchAction\",\"target\":{\"@type\":\"EntryPoint\",\"urlTemplate\":\"https:\\\/\\\/tulucechemicals.com\\\/?s={search_term_string}\"},\"query-input\":{\"@type\":\"PropertyValueSpecification\",\"valueRequired\":true,\"valueName\":\"search_term_string\"}}],\"inLanguage\":\"fr-FR\"},{\"@type\":\"Organization\",\"@id\":\"https:\\\/\\\/tulucechemicals.com\\\/#organization\",\"name\":\"Tuluce Chemicals\",\"url\":\"https:\\\/\\\/tulucechemicals.com\\\/\",\"logo\":{\"@type\":\"ImageObject\",\"inLanguage\":\"fr-FR\",\"@id\":\"https:\\\/\\\/tulucechemicals.com\\\/#\\\/schema\\\/logo\\\/image\\\/\",\"url\":\"https:\\\/\\\/tulucechemicals.com\\\/wp-content\\\/uploads\\\/2022\\\/03\\\/cropped-cropped-logo1t-1-1.png\",\"contentUrl\":\"https:\\\/\\\/tulucechemicals.com\\\/wp-content\\\/uploads\\\/2022\\\/03\\\/cropped-cropped-logo1t-1-1.png\",\"width\":700,\"height\":634,\"caption\":\"Tuluce Chemicals\"},\"image\":{\"@id\":\"https:\\\/\\\/tulucechemicals.com\\\/#\\\/schema\\\/logo\\\/image\\\/\"}}]}<\/script>\n<!-- \/ Yoast SEO plugin. -->","yoast_head_json":{"title":"Weed Control 99%min Sodium Chlorate Treats 37 sq yards! Weedkiller 1lb -","robots":{"index":"index","follow":"follow","max-snippet":"max-snippet:-1","max-image-preview":"max-image-preview:large","max-video-preview":"max-video-preview:-1"},"canonical":"https:\/\/tulucechemicals.com\/fr\/shop\/weed-control-99min-sodium-chlorate-treats-37-sq-yards-weedkiller-1lb\/","og_locale":"fr_FR","og_type":"article","og_title":"Weed Control 99%min Sodium Chlorate Treats 37 sq yards! Weedkiller 1lb -","og_description":"Package: 1 lb =450g\u00a0 \u00a0 \u00a0 Sodium Chlorate 99%min (NaClO3) Herbicides For shallow roots use about 250g in 10lts over 20 sq yards. For deep roots use about 270g in 5lts over 6sq yards. Sodium chlorate is used as a non-selective herbicide. It is considered phytotoxic to all green plant parts. It can also kill &hellip; Lire la suite de\u00ab\u00a0Weed Control 99%min Sodium Chlorate Treats 37 sq yards! Weedkiller 1lb\u00a0\u00bb","og_url":"https:\/\/tulucechemicals.com\/fr\/shop\/weed-control-99min-sodium-chlorate-treats-37-sq-yards-weedkiller-1lb\/","article_modified_time":"2024-01-31T09:41:41+00:00","og_image":[{"width":493,"height":487,"url":"https:\/\/tulucechemicals.com\/wp-content\/uploads\/2024\/01\/sch.png","type":"image\/png"}],"twitter_card":"summary_large_image","twitter_misc":{"Dur\u00e9e de lecture estim\u00e9e":"2 minutes"},"schema":{"@context":"https:\/\/schema.org","@graph":[{"@type":"WebPage","@id":"https:\/\/tulucechemicals.com\/shop\/weed-control-99min-sodium-chlorate-treats-37-sq-yards-weedkiller-1lb\/","url":"https:\/\/tulucechemicals.com\/shop\/weed-control-99min-sodium-chlorate-treats-37-sq-yards-weedkiller-1lb\/","name":"Weed Control 99%min Sodium Chlorate Treats 37 sq yards! Weedkiller 1lb -","isPartOf":{"@id":"https:\/\/tulucechemicals.com\/#website"},"primaryImageOfPage":{"@id":"https:\/\/tulucechemicals.com\/shop\/weed-control-99min-sodium-chlorate-treats-37-sq-yards-weedkiller-1lb\/#primaryimage"},"image":{"@id":"https:\/\/tulucechemicals.com\/shop\/weed-control-99min-sodium-chlorate-treats-37-sq-yards-weedkiller-1lb\/#primaryimage"},"thumbnailUrl":"https:\/\/tulucechemicals.com\/wp-content\/uploads\/2024\/01\/sch.png","datePublished":"2007-01-08T02:27:08+00:00","dateModified":"2024-01-31T09:41:41+00:00","breadcrumb":{"@id":"https:\/\/tulucechemicals.com\/shop\/weed-control-99min-sodium-chlorate-treats-37-sq-yards-weedkiller-1lb\/#breadcrumb"},"inLanguage":"fr-FR","potentialAction":[{"@type":"ReadAction","target":["https:\/\/tulucechemicals.com\/shop\/weed-control-99min-sodium-chlorate-treats-37-sq-yards-weedkiller-1lb\/"]}]},{"@type":"ImageObject","inLanguage":"fr-FR","@id":"https:\/\/tulucechemicals.com\/shop\/weed-control-99min-sodium-chlorate-treats-37-sq-yards-weedkiller-1lb\/#primaryimage","url":"https:\/\/tulucechemicals.com\/wp-content\/uploads\/2024\/01\/sch.png","contentUrl":"https:\/\/tulucechemicals.com\/wp-content\/uploads\/2024\/01\/sch.png","width":493,"height":487},{"@type":"BreadcrumbList","@id":"https:\/\/tulucechemicals.com\/shop\/weed-control-99min-sodium-chlorate-treats-37-sq-yards-weedkiller-1lb\/#breadcrumb","itemListElement":[{"@type":"ListItem","position":1,"name":"Home","item":"https:\/\/tulucechemicals.com\/"},{"@type":"ListItem","position":2,"name":"Shop","item":"https:\/\/tulucechemicals.com\/shop\/"},{"@type":"ListItem","position":3,"name":"Weed Control 99%min Sodium Chlorate Treats 37 sq yards! Weedkiller 1lb"}]},{"@type":"WebSite","@id":"https:\/\/tulucechemicals.com\/#website","url":"https:\/\/tulucechemicals.com\/","name":"","description":"Sodium Chlorite Supplier","publisher":{"@id":"https:\/\/tulucechemicals.com\/#organization"},"potentialAction":[{"@type":"SearchAction","target":{"@type":"EntryPoint","urlTemplate":"https:\/\/tulucechemicals.com\/?s={search_term_string}"},"query-input":{"@type":"PropertyValueSpecification","valueRequired":true,"valueName":"search_term_string"}}],"inLanguage":"fr-FR"},{"@type":"Organization","@id":"https:\/\/tulucechemicals.com\/#organization","name":"Tuluce Chemicals","url":"https:\/\/tulucechemicals.com\/","logo":{"@type":"ImageObject","inLanguage":"fr-FR","@id":"https:\/\/tulucechemicals.com\/#\/schema\/logo\/image\/","url":"https:\/\/tulucechemicals.com\/wp-content\/uploads\/2022\/03\/cropped-cropped-logo1t-1-1.png","contentUrl":"https:\/\/tulucechemicals.com\/wp-content\/uploads\/2022\/03\/cropped-cropped-logo1t-1-1.png","width":700,"height":634,"caption":"Tuluce Chemicals"},"image":{"@id":"https:\/\/tulucechemicals.com\/#\/schema\/logo\/image\/"}}]}},"jetpack_sharing_enabled":true,"featured_media_urls":{"thumbnail":["https:\/\/tulucechemicals.com\/wp-content\/uploads\/2024\/01\/sch-150x150.png",150,150,true],"medium":["https:\/\/tulucechemicals.com\/wp-content\/uploads\/2024\/01\/sch-300x296.png",300,296,true],"medium_large":["https:\/\/tulucechemicals.com\/wp-content\/uploads\/2024\/01\/sch.png",493,487,false],"large":["https:\/\/tulucechemicals.com\/wp-content\/uploads\/2024\/01\/sch.png",493,487,false],"1536x1536":["https:\/\/tulucechemicals.com\/wp-content\/uploads\/2024\/01\/sch.png",493,487,false],"2048x2048":["https:\/\/tulucechemicals.com\/wp-content\/uploads\/2024\/01\/sch.png",493,487,false],"trp-custom-language-flag":["https:\/\/tulucechemicals.com\/wp-content\/uploads\/2024\/01\/sch-12x12.png",12,12,true],"inspiro-featured-image":["https:\/\/tulucechemicals.com\/wp-content\/uploads\/2024\/01\/sch.png",493,487,false],"inspiro-loop":["https:\/\/tulucechemicals.com\/wp-content\/uploads\/2024\/01\/sch-493x320.png",493,320,true],"inspiro-loop@2x":["https:\/\/tulucechemicals.com\/wp-content\/uploads\/2024\/01\/sch.png",493,487,false],"woocommerce_thumbnail":["https:\/\/tulucechemicals.com\/wp-content\/uploads\/2024\/01\/sch-270x215.png",270,215,true],"woocommerce_single":["https:\/\/tulucechemicals.com\/wp-content\/uploads\/2024\/01\/sch.png",493,487,false],"woocommerce_gallery_thumbnail":["https:\/\/tulucechemicals.com\/wp-content\/uploads\/2024\/01\/sch-100x100.png",100,100,true],"portfolio_item-thumbnail":["https:\/\/tulucechemicals.com\/wp-content\/uploads\/2024\/01\/sch-493x400.png",493,400,true],"portfolio_item-thumbnail@2x":["https:\/\/tulucechemicals.com\/wp-content\/uploads\/2024\/01\/sch.png",493,487,false],"portfolio_item-masonry":["https:\/\/tulucechemicals.com\/wp-content\/uploads\/2024\/01\/sch.png",493,487,false],"portfolio_item-masonry@2x":["https:\/\/tulucechemicals.com\/wp-content\/uploads\/2024\/01\/sch.png",493,487,false],"portfolio_item-thumbnail_cinema":["https:\/\/tulucechemicals.com\/wp-content\/uploads\/2024\/01\/sch-493x335.png",493,335,true],"portfolio_item-thumbnail_portrait":["https:\/\/tulucechemicals.com\/wp-content\/uploads\/2024\/01\/sch.png",493,487,false],"portfolio_item-thumbnail_portrait@2x":["https:\/\/tulucechemicals.com\/wp-content\/uploads\/2024\/01\/sch.png",493,487,false],"portfolio_item-thumbnail_square":["https:\/\/tulucechemicals.com\/wp-content\/uploads\/2024\/01\/sch.png",493,487,false],"sow-carousel-default":["https:\/\/tulucechemicals.com\/wp-content\/uploads\/2024\/01\/sch-272x182.png",272,182,true]},"_links":{"self":[{"href":"https:\/\/tulucechemicals.com\/fr\/wp-json\/wp\/v2\/product\/3882","targetHints":{"allow":["GET"]}}],"collection":[{"href":"https:\/\/tulucechemicals.com\/fr\/wp-json\/wp\/v2\/product"}],"about":[{"href":"https:\/\/tulucechemicals.com\/fr\/wp-json\/wp\/v2\/types\/product"}],"replies":[{"embeddable":true,"href":"https:\/\/tulucechemicals.com\/fr\/wp-json\/wp\/v2\/comments?post=3882"}],"wp:featuredmedia":[{"embeddable":true,"href":"https:\/\/tulucechemicals.com\/fr\/wp-json\/wp\/v2\/media\/53022"}],"wp:attachment":[{"href":"https:\/\/tulucechemicals.com\/fr\/wp-json\/wp\/v2\/media?parent=3882"}],"wp:term":[{"taxonomy":"product_brand","embeddable":true,"href":"https:\/\/tulucechemicals.com\/fr\/wp-json\/wp\/v2\/product_brand?post=3882"},{"taxonomy":"product_cat","embeddable":true,"href":"https:\/\/tulucechemicals.com\/fr\/wp-json\/wp\/v2\/product_cat?post=3882"},{"taxonomy":"product_tag","embeddable":true,"href":"https:\/\/tulucechemicals.com\/fr\/wp-json\/wp\/v2\/product_tag?post=3882"}],"curies":[{"name":"wp","href":"https:\/\/api.w.org\/{rel}","templated":true}]}}