{"id":3689,"date":"2017-08-07T17:32:46","date_gmt":"2017-08-07T16:32:46","guid":{"rendered":"http:\/\/tulucechemicals.com\/?post_type=product&#038;p=3689"},"modified":"2025-09-03T16:47:31","modified_gmt":"2025-09-03T15:47:31","slug":"5kg-sodium-chlorate-naclo3-99min-weedkiller-11-lbs-weed-control","status":"publish","type":"product","link":"https:\/\/tulucechemicals.com\/fr\/shop\/5kg-sodium-chlorate-naclo3-99min-weedkiller-11-lbs-weed-control\/","title":{"rendered":"Weed Control\u00a9 Le chlorate de sodium \u00e0 99 %  D\u00e9sherbant 5kg"},"content":{"rendered":"<h2><span style=\"color: #008000;\">Forfait: 11 lbs = 5000gr Chlorate de sodium 99%min (NaClO3)<\/span><\/h2>\n<h2><span style=\"color: #008080;\">Herbicides <\/span><\/h2>\n<h2><span style=\"color: #008080;\">For shallow roots use about 250g in 10lts over 20 sq yards. For deep roots use about 270g in 5lts over 6sq yards. <\/span><\/h2>\n<h2><span style=\"color: #008080;\">Le chlorate de sodium est utilis\u00e9 comme herbicide non s\u00e9lectif. Il est consid\u00e9r\u00e9 comme phytotoxique pour toutes les parties des plantes vertes. Il peut \u00e9galement tuer par absorption par les racines. <\/span><\/h2>\n<h2><span style=\"color: #008080;\">Sodium chlorate may be used to control: morning glory, Canada thistle, johnson grass, bamboo, ragwort and St John&#8217;s wort. The herbicide is mainly used on non-crop land for spot treatment and for total vegetation control on roadsides, fenceways, ditches and suchlike. Sodium chlorate is also used as a defoliant and desiccant for: cotton, safflower, corn, flax, peppers, soybeans, grain sorghum, southern peas, dry beans, rice and sunflowers. If used in combination with atrazine, it increases the persistence of the effect. If used in combination with 2,4-D, it improves performance of the material. Sodium chlorate has a soil-sterilant effect. Mixing with other herbicides in aqueous solution is possible to some extent, so long as they are not susceptible to oxidation. <\/span><\/h2>\n<h2><span style=\"color: #008080;\">Appellations commerciales <\/span><\/h2>\n<h2><span style=\"color: #008080;\">L'ingr\u00e9dient actif chlorate de sodium se trouve dans une vari\u00e9t\u00e9 d'herbicides commerciaux. Certains noms commerciaux de produits contenant du chlorate de sodium comprennent Atlacide, Defol, De-Fol-Ate, Drop-Leaf, Fall, Harvest-Aid, Kusatol, Leafex et Tumbleaf. Le compos\u00e9 peut \u00eatre utilis\u00e9 en combinaison avec d'autres herbicides tels que l'atrazine, le 2,4-D, le bromacil, le diuron et le sodium.<\/span><\/h2>","protected":false},"excerpt":{"rendered":"<p>Package: 11 lbs = 5000gr Sodium Chlorate 99%min (NaClO3) Herbicides For shallow roots use about 250g in 10lts over 20 sq yards. For deep roots use about 270g in 5lts over 6sq yards. Sodium chlorate is used as a non-selective herbicide. It is considered phytotoxic to all green plant parts. It can also kill through &hellip; <\/p>\n<p class=\"link-more\"><a href=\"https:\/\/tulucechemicals.com\/fr\/shop\/5kg-sodium-chlorate-naclo3-99min-weedkiller-11-lbs-weed-control\/\" class=\"more-link\">Lire la suite de<span class=\"screen-reader-text\">\u00ab\u00a05kg Sodium Chlorate (NaClO3) 99%min Weedkiller 11 lbs Weed Control\u00a0\u00bb<\/span><\/a><\/p>","protected":false},"featured_media":53022,"comment_status":"open","ping_status":"closed","template":"","meta":[],"product_brand":[],"product_cat":[130],"product_tag":[164,165,138,139],"class_list":{"0":"post-3689","1":"product","2":"type-product","3":"status-publish","4":"has-post-thumbnail","6":"product_cat-sodium-salts","7":"product_tag-buy","8":"product_tag-shop","9":"product_tag-sodium-chlorate","10":"product_tag-weedkiller","11":"product_shipping_class-5kg","13":"first","14":"instock","15":"sale","16":"shipping-taxable","17":"purchasable","18":"product-type-simple"},"yoast_head":"<!-- This site is optimized with the Yoast SEO plugin v27.3 - https:\/\/yoast.com\/product\/yoast-seo-wordpress\/ -->\n<title>5kg Sodium Chlorate (NaClO3) 99%min Weedkiller 11 lbs Weed Control -<\/title>\n<meta name=\"robots\" content=\"index, follow, max-snippet:-1, max-image-preview:large, max-video-preview:-1\" \/>\n<link rel=\"canonical\" href=\"https:\/\/tulucechemicals.com\/fr\/shop\/5kg-sodium-chlorate-naclo3-99min-weedkiller-11-lbs-weed-control\/\" \/>\n<meta property=\"og:locale\" content=\"fr_FR\" \/>\n<meta property=\"og:type\" content=\"article\" \/>\n<meta property=\"og:title\" content=\"5kg Sodium Chlorate (NaClO3) 99%min Weedkiller 11 lbs Weed Control -\" \/>\n<meta property=\"og:description\" content=\"Package: 11 lbs = 5000gr Sodium Chlorate 99%min (NaClO3) Herbicides For shallow roots use about 250g in 10lts over 20 sq yards. For deep roots use about 270g in 5lts over 6sq yards. Sodium chlorate is used as a non-selective herbicide. It is considered phytotoxic to all green plant parts. It can also kill through &hellip; Lire la suite de\u00ab\u00a05kg Sodium Chlorate (NaClO3) 99%min Weedkiller 11 lbs Weed Control\u00a0\u00bb\" \/>\n<meta property=\"og:url\" content=\"https:\/\/tulucechemicals.com\/fr\/shop\/5kg-sodium-chlorate-naclo3-99min-weedkiller-11-lbs-weed-control\/\" \/>\n<meta property=\"article:modified_time\" content=\"2025-09-03T15:47:31+00:00\" \/>\n<meta property=\"og:image\" content=\"https:\/\/tulucechemicals.com\/wp-content\/uploads\/2024\/01\/sch.png\" \/>\n\t<meta property=\"og:image:width\" content=\"493\" \/>\n\t<meta property=\"og:image:height\" content=\"487\" \/>\n\t<meta property=\"og:image:type\" content=\"image\/png\" \/>\n<meta name=\"twitter:card\" content=\"summary_large_image\" \/>\n<meta name=\"twitter:label1\" content=\"Dur\u00e9e de lecture estim\u00e9e\" \/>\n\t<meta name=\"twitter:data1\" content=\"2 minutes\" \/>\n<script type=\"application\/ld+json\" class=\"yoast-schema-graph\">{\"@context\":\"https:\\\/\\\/schema.org\",\"@graph\":[{\"@type\":\"WebPage\",\"@id\":\"https:\\\/\\\/tulucechemicals.com\\\/shop\\\/5kg-sodium-chlorate-naclo3-99min-weedkiller-11-lbs-weed-control\\\/\",\"url\":\"https:\\\/\\\/tulucechemicals.com\\\/shop\\\/5kg-sodium-chlorate-naclo3-99min-weedkiller-11-lbs-weed-control\\\/\",\"name\":\"5kg Sodium Chlorate (NaClO3) 99%min Weedkiller 11 lbs Weed Control -\",\"isPartOf\":{\"@id\":\"https:\\\/\\\/tulucechemicals.com\\\/#website\"},\"primaryImageOfPage\":{\"@id\":\"https:\\\/\\\/tulucechemicals.com\\\/shop\\\/5kg-sodium-chlorate-naclo3-99min-weedkiller-11-lbs-weed-control\\\/#primaryimage\"},\"image\":{\"@id\":\"https:\\\/\\\/tulucechemicals.com\\\/shop\\\/5kg-sodium-chlorate-naclo3-99min-weedkiller-11-lbs-weed-control\\\/#primaryimage\"},\"thumbnailUrl\":\"https:\\\/\\\/tulucechemicals.com\\\/wp-content\\\/uploads\\\/2024\\\/01\\\/sch.png\",\"datePublished\":\"2017-08-07T16:32:46+00:00\",\"dateModified\":\"2025-09-03T15:47:31+00:00\",\"breadcrumb\":{\"@id\":\"https:\\\/\\\/tulucechemicals.com\\\/shop\\\/5kg-sodium-chlorate-naclo3-99min-weedkiller-11-lbs-weed-control\\\/#breadcrumb\"},\"inLanguage\":\"fr-FR\",\"potentialAction\":[{\"@type\":\"ReadAction\",\"target\":[\"https:\\\/\\\/tulucechemicals.com\\\/shop\\\/5kg-sodium-chlorate-naclo3-99min-weedkiller-11-lbs-weed-control\\\/\"]}]},{\"@type\":\"ImageObject\",\"inLanguage\":\"fr-FR\",\"@id\":\"https:\\\/\\\/tulucechemicals.com\\\/shop\\\/5kg-sodium-chlorate-naclo3-99min-weedkiller-11-lbs-weed-control\\\/#primaryimage\",\"url\":\"https:\\\/\\\/tulucechemicals.com\\\/wp-content\\\/uploads\\\/2024\\\/01\\\/sch.png\",\"contentUrl\":\"https:\\\/\\\/tulucechemicals.com\\\/wp-content\\\/uploads\\\/2024\\\/01\\\/sch.png\",\"width\":493,\"height\":487},{\"@type\":\"BreadcrumbList\",\"@id\":\"https:\\\/\\\/tulucechemicals.com\\\/shop\\\/5kg-sodium-chlorate-naclo3-99min-weedkiller-11-lbs-weed-control\\\/#breadcrumb\",\"itemListElement\":[{\"@type\":\"ListItem\",\"position\":1,\"name\":\"Home\",\"item\":\"https:\\\/\\\/tulucechemicals.com\\\/\"},{\"@type\":\"ListItem\",\"position\":2,\"name\":\"Shop\",\"item\":\"https:\\\/\\\/tulucechemicals.com\\\/shop\\\/\"},{\"@type\":\"ListItem\",\"position\":3,\"name\":\"5kg Sodium Chlorate (NaClO3) 99%min Weedkiller 11 lbs Weed Control\"}]},{\"@type\":\"WebSite\",\"@id\":\"https:\\\/\\\/tulucechemicals.com\\\/#website\",\"url\":\"https:\\\/\\\/tulucechemicals.com\\\/\",\"name\":\"\",\"description\":\"Sodium Chlorite Supplier\",\"publisher\":{\"@id\":\"https:\\\/\\\/tulucechemicals.com\\\/#organization\"},\"potentialAction\":[{\"@type\":\"SearchAction\",\"target\":{\"@type\":\"EntryPoint\",\"urlTemplate\":\"https:\\\/\\\/tulucechemicals.com\\\/?s={search_term_string}\"},\"query-input\":{\"@type\":\"PropertyValueSpecification\",\"valueRequired\":true,\"valueName\":\"search_term_string\"}}],\"inLanguage\":\"fr-FR\"},{\"@type\":\"Organization\",\"@id\":\"https:\\\/\\\/tulucechemicals.com\\\/#organization\",\"name\":\"Tuluce Chemicals\",\"url\":\"https:\\\/\\\/tulucechemicals.com\\\/\",\"logo\":{\"@type\":\"ImageObject\",\"inLanguage\":\"fr-FR\",\"@id\":\"https:\\\/\\\/tulucechemicals.com\\\/#\\\/schema\\\/logo\\\/image\\\/\",\"url\":\"https:\\\/\\\/tulucechemicals.com\\\/wp-content\\\/uploads\\\/2022\\\/03\\\/cropped-cropped-logo1t-1-1.png\",\"contentUrl\":\"https:\\\/\\\/tulucechemicals.com\\\/wp-content\\\/uploads\\\/2022\\\/03\\\/cropped-cropped-logo1t-1-1.png\",\"width\":700,\"height\":634,\"caption\":\"Tuluce Chemicals\"},\"image\":{\"@id\":\"https:\\\/\\\/tulucechemicals.com\\\/#\\\/schema\\\/logo\\\/image\\\/\"}}]}<\/script>\n<!-- \/ Yoast SEO plugin. -->","yoast_head_json":{"title":"5kg Sodium Chlorate (NaClO3) 99%min Weedkiller 11 lbs Weed Control -","robots":{"index":"index","follow":"follow","max-snippet":"max-snippet:-1","max-image-preview":"max-image-preview:large","max-video-preview":"max-video-preview:-1"},"canonical":"https:\/\/tulucechemicals.com\/fr\/shop\/5kg-sodium-chlorate-naclo3-99min-weedkiller-11-lbs-weed-control\/","og_locale":"fr_FR","og_type":"article","og_title":"5kg Sodium Chlorate (NaClO3) 99%min Weedkiller 11 lbs Weed Control -","og_description":"Package: 11 lbs = 5000gr Sodium Chlorate 99%min (NaClO3) Herbicides For shallow roots use about 250g in 10lts over 20 sq yards. For deep roots use about 270g in 5lts over 6sq yards. Sodium chlorate is used as a non-selective herbicide. It is considered phytotoxic to all green plant parts. It can also kill through &hellip; Lire la suite de\u00ab\u00a05kg Sodium Chlorate (NaClO3) 99%min Weedkiller 11 lbs Weed Control\u00a0\u00bb","og_url":"https:\/\/tulucechemicals.com\/fr\/shop\/5kg-sodium-chlorate-naclo3-99min-weedkiller-11-lbs-weed-control\/","article_modified_time":"2025-09-03T15:47:31+00:00","og_image":[{"width":493,"height":487,"url":"https:\/\/tulucechemicals.com\/wp-content\/uploads\/2024\/01\/sch.png","type":"image\/png"}],"twitter_card":"summary_large_image","twitter_misc":{"Dur\u00e9e de lecture estim\u00e9e":"2 minutes"},"schema":{"@context":"https:\/\/schema.org","@graph":[{"@type":"WebPage","@id":"https:\/\/tulucechemicals.com\/shop\/5kg-sodium-chlorate-naclo3-99min-weedkiller-11-lbs-weed-control\/","url":"https:\/\/tulucechemicals.com\/shop\/5kg-sodium-chlorate-naclo3-99min-weedkiller-11-lbs-weed-control\/","name":"5kg Sodium Chlorate (NaClO3) 99%min Weedkiller 11 lbs Weed Control -","isPartOf":{"@id":"https:\/\/tulucechemicals.com\/#website"},"primaryImageOfPage":{"@id":"https:\/\/tulucechemicals.com\/shop\/5kg-sodium-chlorate-naclo3-99min-weedkiller-11-lbs-weed-control\/#primaryimage"},"image":{"@id":"https:\/\/tulucechemicals.com\/shop\/5kg-sodium-chlorate-naclo3-99min-weedkiller-11-lbs-weed-control\/#primaryimage"},"thumbnailUrl":"https:\/\/tulucechemicals.com\/wp-content\/uploads\/2024\/01\/sch.png","datePublished":"2017-08-07T16:32:46+00:00","dateModified":"2025-09-03T15:47:31+00:00","breadcrumb":{"@id":"https:\/\/tulucechemicals.com\/shop\/5kg-sodium-chlorate-naclo3-99min-weedkiller-11-lbs-weed-control\/#breadcrumb"},"inLanguage":"fr-FR","potentialAction":[{"@type":"ReadAction","target":["https:\/\/tulucechemicals.com\/shop\/5kg-sodium-chlorate-naclo3-99min-weedkiller-11-lbs-weed-control\/"]}]},{"@type":"ImageObject","inLanguage":"fr-FR","@id":"https:\/\/tulucechemicals.com\/shop\/5kg-sodium-chlorate-naclo3-99min-weedkiller-11-lbs-weed-control\/#primaryimage","url":"https:\/\/tulucechemicals.com\/wp-content\/uploads\/2024\/01\/sch.png","contentUrl":"https:\/\/tulucechemicals.com\/wp-content\/uploads\/2024\/01\/sch.png","width":493,"height":487},{"@type":"BreadcrumbList","@id":"https:\/\/tulucechemicals.com\/shop\/5kg-sodium-chlorate-naclo3-99min-weedkiller-11-lbs-weed-control\/#breadcrumb","itemListElement":[{"@type":"ListItem","position":1,"name":"Home","item":"https:\/\/tulucechemicals.com\/"},{"@type":"ListItem","position":2,"name":"Shop","item":"https:\/\/tulucechemicals.com\/shop\/"},{"@type":"ListItem","position":3,"name":"5kg Sodium Chlorate (NaClO3) 99%min Weedkiller 11 lbs Weed Control"}]},{"@type":"WebSite","@id":"https:\/\/tulucechemicals.com\/#website","url":"https:\/\/tulucechemicals.com\/","name":"","description":"Sodium Chlorite Supplier","publisher":{"@id":"https:\/\/tulucechemicals.com\/#organization"},"potentialAction":[{"@type":"SearchAction","target":{"@type":"EntryPoint","urlTemplate":"https:\/\/tulucechemicals.com\/?s={search_term_string}"},"query-input":{"@type":"PropertyValueSpecification","valueRequired":true,"valueName":"search_term_string"}}],"inLanguage":"fr-FR"},{"@type":"Organization","@id":"https:\/\/tulucechemicals.com\/#organization","name":"Tuluce Chemicals","url":"https:\/\/tulucechemicals.com\/","logo":{"@type":"ImageObject","inLanguage":"fr-FR","@id":"https:\/\/tulucechemicals.com\/#\/schema\/logo\/image\/","url":"https:\/\/tulucechemicals.com\/wp-content\/uploads\/2022\/03\/cropped-cropped-logo1t-1-1.png","contentUrl":"https:\/\/tulucechemicals.com\/wp-content\/uploads\/2022\/03\/cropped-cropped-logo1t-1-1.png","width":700,"height":634,"caption":"Tuluce Chemicals"},"image":{"@id":"https:\/\/tulucechemicals.com\/#\/schema\/logo\/image\/"}}]}},"jetpack_sharing_enabled":true,"featured_media_urls":{"thumbnail":["https:\/\/tulucechemicals.com\/wp-content\/uploads\/2024\/01\/sch-150x150.png",150,150,true],"medium":["https:\/\/tulucechemicals.com\/wp-content\/uploads\/2024\/01\/sch-300x296.png",300,296,true],"medium_large":["https:\/\/tulucechemicals.com\/wp-content\/uploads\/2024\/01\/sch.png",493,487,false],"large":["https:\/\/tulucechemicals.com\/wp-content\/uploads\/2024\/01\/sch.png",493,487,false],"1536x1536":["https:\/\/tulucechemicals.com\/wp-content\/uploads\/2024\/01\/sch.png",493,487,false],"2048x2048":["https:\/\/tulucechemicals.com\/wp-content\/uploads\/2024\/01\/sch.png",493,487,false],"trp-custom-language-flag":["https:\/\/tulucechemicals.com\/wp-content\/uploads\/2024\/01\/sch-12x12.png",12,12,true],"inspiro-featured-image":["https:\/\/tulucechemicals.com\/wp-content\/uploads\/2024\/01\/sch.png",493,487,false],"inspiro-loop":["https:\/\/tulucechemicals.com\/wp-content\/uploads\/2024\/01\/sch-493x320.png",493,320,true],"inspiro-loop@2x":["https:\/\/tulucechemicals.com\/wp-content\/uploads\/2024\/01\/sch.png",493,487,false],"woocommerce_thumbnail":["https:\/\/tulucechemicals.com\/wp-content\/uploads\/2024\/01\/sch-270x215.png",270,215,true],"woocommerce_single":["https:\/\/tulucechemicals.com\/wp-content\/uploads\/2024\/01\/sch.png",493,487,false],"woocommerce_gallery_thumbnail":["https:\/\/tulucechemicals.com\/wp-content\/uploads\/2024\/01\/sch-100x100.png",100,100,true],"portfolio_item-thumbnail":["https:\/\/tulucechemicals.com\/wp-content\/uploads\/2024\/01\/sch-493x400.png",493,400,true],"portfolio_item-thumbnail@2x":["https:\/\/tulucechemicals.com\/wp-content\/uploads\/2024\/01\/sch.png",493,487,false],"portfolio_item-masonry":["https:\/\/tulucechemicals.com\/wp-content\/uploads\/2024\/01\/sch.png",493,487,false],"portfolio_item-masonry@2x":["https:\/\/tulucechemicals.com\/wp-content\/uploads\/2024\/01\/sch.png",493,487,false],"portfolio_item-thumbnail_cinema":["https:\/\/tulucechemicals.com\/wp-content\/uploads\/2024\/01\/sch-493x335.png",493,335,true],"portfolio_item-thumbnail_portrait":["https:\/\/tulucechemicals.com\/wp-content\/uploads\/2024\/01\/sch.png",493,487,false],"portfolio_item-thumbnail_portrait@2x":["https:\/\/tulucechemicals.com\/wp-content\/uploads\/2024\/01\/sch.png",493,487,false],"portfolio_item-thumbnail_square":["https:\/\/tulucechemicals.com\/wp-content\/uploads\/2024\/01\/sch.png",493,487,false],"sow-carousel-default":["https:\/\/tulucechemicals.com\/wp-content\/uploads\/2024\/01\/sch-272x182.png",272,182,true]},"_links":{"self":[{"href":"https:\/\/tulucechemicals.com\/fr\/wp-json\/wp\/v2\/product\/3689","targetHints":{"allow":["GET"]}}],"collection":[{"href":"https:\/\/tulucechemicals.com\/fr\/wp-json\/wp\/v2\/product"}],"about":[{"href":"https:\/\/tulucechemicals.com\/fr\/wp-json\/wp\/v2\/types\/product"}],"replies":[{"embeddable":true,"href":"https:\/\/tulucechemicals.com\/fr\/wp-json\/wp\/v2\/comments?post=3689"}],"wp:featuredmedia":[{"embeddable":true,"href":"https:\/\/tulucechemicals.com\/fr\/wp-json\/wp\/v2\/media\/53022"}],"wp:attachment":[{"href":"https:\/\/tulucechemicals.com\/fr\/wp-json\/wp\/v2\/media?parent=3689"}],"wp:term":[{"taxonomy":"product_brand","embeddable":true,"href":"https:\/\/tulucechemicals.com\/fr\/wp-json\/wp\/v2\/product_brand?post=3689"},{"taxonomy":"product_cat","embeddable":true,"href":"https:\/\/tulucechemicals.com\/fr\/wp-json\/wp\/v2\/product_cat?post=3689"},{"taxonomy":"product_tag","embeddable":true,"href":"https:\/\/tulucechemicals.com\/fr\/wp-json\/wp\/v2\/product_tag?post=3689"}],"curies":[{"name":"wp","href":"https:\/\/api.w.org\/{rel}","templated":true}]}}