{"id":4062,"date":"2024-01-21T19:47:39","date_gmt":"2024-01-21T19:47:39","guid":{"rendered":"http:\/\/tulucechemicals.com\/product\/weed-control-99min-sodium-chlorate-treats-150-sq-yards-weedkiller-4lbs\/"},"modified":"2026-03-20T14:02:11","modified_gmt":"2026-03-20T14:02:11","slug":"weed-control-99min-sodium-chlorate-treats-150-sq-yards-weedkiller-4lbs","status":"publish","type":"product","link":"https:\/\/tulucechemicals.com\/es\/shop\/weed-control-99min-sodium-chlorate-treats-150-sq-yards-weedkiller-4lbs\/","title":{"rendered":"Weed Control\u00a9 \u00a1El clorato de sodio al 99 % min trata 150 yardas cuadradas! herbicida 4 libras"},"content":{"rendered":"<h1><span style=\"color: #008000;\">Paquete: 4 lbs =1800g<\/span><\/h1>\n<p><span style=\"color: #008000;\">Clorato de sodio 99% min (NaClO3)<\/span><\/p>\n<h3><\/h3>\n<h3><\/h3>\n<h3>Herbicidas<\/h3>\n<h3>Para ra\u00edces poco profundas, use alrededor de 250 g en 10 lts en 20 yardas cuadradas.<\/h3>\n<h3><\/h3>\n<h3>Para ra\u00edces profundas, use alrededor de 270 g en 5 litros en 6 yardas cuadradas.<\/h3>\n<div><\/div>\n<h3>El clorato de sodio se utiliza como herbicida no selectivo. Se considera fitot\u00f3xico para todas las partes verdes de las plantas. Tambi\u00e9n puede matar a trav\u00e9s de la absorci\u00f3n de ra\u00edces.<\/h3>\n<h3><\/h3>\n<h3>El clorato de sodio se puede usar para controlar:<\/h3>\n<h3><\/h3>\n<h3>gloria de la ma\u00f1ana,<\/h3>\n<h3>cardo de Canad\u00e1,<\/h3>\n<h3>hierba johnson,<\/h3>\n<h3>bamb\u00fa,<\/h3>\n<h3>hierba cana y<\/h3>\n<h3>Hierba de San Juan.<\/h3>\n<h3>El herbicida se usa principalmente en tierras no cultivadas para el tratamiento puntual y para el control total de la vegetaci\u00f3n en los bordes de las carreteras, cercas, zanjas y similares.<\/h3>\n<h3><\/h3>\n<h3>El clorato de sodio tambi\u00e9n se usa como defoliante y desecante para:<\/h3>\n<h3><\/h3>\n<h3>algod\u00f3n,<\/h3>\n<h3>c\u00e1rtamo,<\/h3>\n<h3>ma\u00edz,<\/h3>\n<h3>linaza,<\/h3>\n<h3>pimientos,<\/h3>\n<h3>soja,<\/h3>\n<h3>sorgo en grano,<\/h3>\n<h3>guisantes del sur,<\/h3>\n<h3>frijoles secos,<\/h3>\n<h3>arroz y<\/h3>\n<h3>girasoles<\/h3>\n<h3>Si se usa en combinaci\u00f3n con atrazina, aumenta la persistencia del efecto. Si se usa en combinaci\u00f3n con 2,4-D, mejora el rendimiento del material. No sugerimos usar atrazin\u00a0y 2,4-D debido al problema ambiental. El clorato de sodio tiene un efecto esterilizante del suelo. La mezcla con otros herbicidas en soluci\u00f3n acuosa es posible hasta cierto punto, siempre que no sean susceptibles a la oxidaci\u00f3n.<\/h3>\n<h3><\/h3>\n<h3><\/h3>\n<h3>Nombres comerciales<\/h3>\n<h3><\/h3>\n<h3>El ingrediente activo clorato de sodio se encuentra en una variedad de herbicidas comerciales. Algunos nombres comerciales de productos que contienen clorato de sodio incluyen Atlacide, Defol, De-Fol-Ate, Drop-Leaf, Fall, Harvest-Aid, Kusatol, Leafex y Tumbleaf. El compuesto se puede usar en combinaci\u00f3n con otros herbicidas como atrazina, 2,4-D, bromacilo, diur\u00f3n y sodio.<\/h3>","protected":false},"excerpt":{"rendered":"<p>Package:\u00a04 lbs =1800g Sodium Chlorate 99%min (NaClO3) Herbicides For shallow roots use about 250g in 10lts over 20 sq yards. For deep roots use about 270g in 5lts over 6sq yards. Sodium chlorate is used as a non-selective herbicide. It is considered phytotoxic to all green plant parts. It can also kill through root absorption. &hellip; <\/p>\n<p class=\"link-more\"><a href=\"https:\/\/tulucechemicals.com\/es\/shop\/weed-control-99min-sodium-chlorate-treats-150-sq-yards-weedkiller-4lbs\/\" class=\"more-link\">Leer m\u00e1s<span class=\"screen-reader-text\"> \u00abWeed Control 99%min Sodium Chlorate Treats 150 sq yards! Weedkiller 4lbs\u00bb<\/span><\/a><\/p>","protected":false},"featured_media":53022,"comment_status":"open","ping_status":"closed","template":"","meta":[],"product_brand":[],"product_cat":[130],"product_tag":[138,140,139],"class_list":{"0":"post-4062","1":"product","2":"type-product","3":"status-publish","4":"has-post-thumbnail","6":"product_cat-sodium-salts","7":"product_tag-sodium-chlorate","8":"product_tag-weed-control","9":"product_tag-weedkiller","10":"product_shipping_class-1-2","12":"first","13":"instock","14":"sale","15":"shipping-taxable","16":"purchasable","17":"product-type-simple"},"yoast_head":"<!-- This site is optimized with the Yoast SEO plugin v27.3 - https:\/\/yoast.com\/product\/yoast-seo-wordpress\/ -->\n<title>Weed Control 99%min Sodium Chlorate Treats 150 sq yards! Weedkiller 4lbs -<\/title>\n<meta name=\"robots\" content=\"index, follow, max-snippet:-1, max-image-preview:large, max-video-preview:-1\" \/>\n<link rel=\"canonical\" href=\"https:\/\/tulucechemicals.com\/es\/shop\/weed-control-99min-sodium-chlorate-treats-150-sq-yards-weedkiller-4lbs\/\" \/>\n<meta property=\"og:locale\" content=\"es_ES\" \/>\n<meta property=\"og:type\" content=\"article\" \/>\n<meta property=\"og:title\" content=\"Weed Control 99%min Sodium Chlorate Treats 150 sq yards! Weedkiller 4lbs -\" \/>\n<meta property=\"og:description\" content=\"Package:\u00a04 lbs =1800g Sodium Chlorate 99%min (NaClO3) Herbicides For shallow roots use about 250g in 10lts over 20 sq yards. For deep roots use about 270g in 5lts over 6sq yards. Sodium chlorate is used as a non-selective herbicide. It is considered phytotoxic to all green plant parts. It can also kill through root absorption. &hellip; Leer m\u00e1s \u00abWeed Control 99%min Sodium Chlorate Treats 150 sq yards! Weedkiller 4lbs\u00bb\" \/>\n<meta property=\"og:url\" content=\"https:\/\/tulucechemicals.com\/es\/shop\/weed-control-99min-sodium-chlorate-treats-150-sq-yards-weedkiller-4lbs\/\" \/>\n<meta property=\"article:modified_time\" content=\"2026-03-20T14:02:11+00:00\" \/>\n<meta property=\"og:image\" content=\"https:\/\/tulucechemicals.com\/wp-content\/uploads\/2024\/01\/sch.png\" \/>\n\t<meta property=\"og:image:width\" content=\"493\" \/>\n\t<meta property=\"og:image:height\" content=\"487\" \/>\n\t<meta property=\"og:image:type\" content=\"image\/png\" \/>\n<meta name=\"twitter:card\" content=\"summary_large_image\" \/>\n<meta name=\"twitter:label1\" content=\"Tiempo de lectura\" \/>\n\t<meta name=\"twitter:data1\" content=\"2 minutos\" \/>\n<script type=\"application\/ld+json\" class=\"yoast-schema-graph\">{\"@context\":\"https:\\\/\\\/schema.org\",\"@graph\":[{\"@type\":\"WebPage\",\"@id\":\"https:\\\/\\\/tulucechemicals.com\\\/shop\\\/weed-control-99min-sodium-chlorate-treats-150-sq-yards-weedkiller-4lbs\\\/\",\"url\":\"https:\\\/\\\/tulucechemicals.com\\\/shop\\\/weed-control-99min-sodium-chlorate-treats-150-sq-yards-weedkiller-4lbs\\\/\",\"name\":\"Weed Control 99%min Sodium Chlorate Treats 150 sq yards! Weedkiller 4lbs -\",\"isPartOf\":{\"@id\":\"https:\\\/\\\/tulucechemicals.com\\\/#website\"},\"primaryImageOfPage\":{\"@id\":\"https:\\\/\\\/tulucechemicals.com\\\/shop\\\/weed-control-99min-sodium-chlorate-treats-150-sq-yards-weedkiller-4lbs\\\/#primaryimage\"},\"image\":{\"@id\":\"https:\\\/\\\/tulucechemicals.com\\\/shop\\\/weed-control-99min-sodium-chlorate-treats-150-sq-yards-weedkiller-4lbs\\\/#primaryimage\"},\"thumbnailUrl\":\"https:\\\/\\\/tulucechemicals.com\\\/wp-content\\\/uploads\\\/2024\\\/01\\\/sch.png\",\"datePublished\":\"2024-01-21T19:47:39+00:00\",\"dateModified\":\"2026-03-20T14:02:11+00:00\",\"breadcrumb\":{\"@id\":\"https:\\\/\\\/tulucechemicals.com\\\/shop\\\/weed-control-99min-sodium-chlorate-treats-150-sq-yards-weedkiller-4lbs\\\/#breadcrumb\"},\"inLanguage\":\"es\",\"potentialAction\":[{\"@type\":\"ReadAction\",\"target\":[\"https:\\\/\\\/tulucechemicals.com\\\/shop\\\/weed-control-99min-sodium-chlorate-treats-150-sq-yards-weedkiller-4lbs\\\/\"]}]},{\"@type\":\"ImageObject\",\"inLanguage\":\"es\",\"@id\":\"https:\\\/\\\/tulucechemicals.com\\\/shop\\\/weed-control-99min-sodium-chlorate-treats-150-sq-yards-weedkiller-4lbs\\\/#primaryimage\",\"url\":\"https:\\\/\\\/tulucechemicals.com\\\/wp-content\\\/uploads\\\/2024\\\/01\\\/sch.png\",\"contentUrl\":\"https:\\\/\\\/tulucechemicals.com\\\/wp-content\\\/uploads\\\/2024\\\/01\\\/sch.png\",\"width\":493,\"height\":487},{\"@type\":\"BreadcrumbList\",\"@id\":\"https:\\\/\\\/tulucechemicals.com\\\/shop\\\/weed-control-99min-sodium-chlorate-treats-150-sq-yards-weedkiller-4lbs\\\/#breadcrumb\",\"itemListElement\":[{\"@type\":\"ListItem\",\"position\":1,\"name\":\"Home\",\"item\":\"https:\\\/\\\/tulucechemicals.com\\\/\"},{\"@type\":\"ListItem\",\"position\":2,\"name\":\"Shop\",\"item\":\"https:\\\/\\\/tulucechemicals.com\\\/shop\\\/\"},{\"@type\":\"ListItem\",\"position\":3,\"name\":\"Weed Control 99%min Sodium Chlorate Treats 150 sq yards! Weedkiller 4lbs\"}]},{\"@type\":\"WebSite\",\"@id\":\"https:\\\/\\\/tulucechemicals.com\\\/#website\",\"url\":\"https:\\\/\\\/tulucechemicals.com\\\/\",\"name\":\"\",\"description\":\"Sodium Chlorite Supplier\",\"publisher\":{\"@id\":\"https:\\\/\\\/tulucechemicals.com\\\/#organization\"},\"potentialAction\":[{\"@type\":\"SearchAction\",\"target\":{\"@type\":\"EntryPoint\",\"urlTemplate\":\"https:\\\/\\\/tulucechemicals.com\\\/?s={search_term_string}\"},\"query-input\":{\"@type\":\"PropertyValueSpecification\",\"valueRequired\":true,\"valueName\":\"search_term_string\"}}],\"inLanguage\":\"es\"},{\"@type\":\"Organization\",\"@id\":\"https:\\\/\\\/tulucechemicals.com\\\/#organization\",\"name\":\"Tuluce Chemicals\",\"url\":\"https:\\\/\\\/tulucechemicals.com\\\/\",\"logo\":{\"@type\":\"ImageObject\",\"inLanguage\":\"es\",\"@id\":\"https:\\\/\\\/tulucechemicals.com\\\/#\\\/schema\\\/logo\\\/image\\\/\",\"url\":\"https:\\\/\\\/tulucechemicals.com\\\/wp-content\\\/uploads\\\/2022\\\/03\\\/cropped-cropped-logo1t-1-1.png\",\"contentUrl\":\"https:\\\/\\\/tulucechemicals.com\\\/wp-content\\\/uploads\\\/2022\\\/03\\\/cropped-cropped-logo1t-1-1.png\",\"width\":700,\"height\":634,\"caption\":\"Tuluce Chemicals\"},\"image\":{\"@id\":\"https:\\\/\\\/tulucechemicals.com\\\/#\\\/schema\\\/logo\\\/image\\\/\"}}]}<\/script>\n<!-- \/ Yoast SEO plugin. -->","yoast_head_json":{"title":"Weed Control 99%min Sodium Chlorate Treats 150 sq yards! Weedkiller 4lbs -","robots":{"index":"index","follow":"follow","max-snippet":"max-snippet:-1","max-image-preview":"max-image-preview:large","max-video-preview":"max-video-preview:-1"},"canonical":"https:\/\/tulucechemicals.com\/es\/shop\/weed-control-99min-sodium-chlorate-treats-150-sq-yards-weedkiller-4lbs\/","og_locale":"es_ES","og_type":"article","og_title":"Weed Control 99%min Sodium Chlorate Treats 150 sq yards! Weedkiller 4lbs -","og_description":"Package:\u00a04 lbs =1800g Sodium Chlorate 99%min (NaClO3) Herbicides For shallow roots use about 250g in 10lts over 20 sq yards. For deep roots use about 270g in 5lts over 6sq yards. Sodium chlorate is used as a non-selective herbicide. It is considered phytotoxic to all green plant parts. It can also kill through root absorption. &hellip; Leer m\u00e1s \u00abWeed Control 99%min Sodium Chlorate Treats 150 sq yards! Weedkiller 4lbs\u00bb","og_url":"https:\/\/tulucechemicals.com\/es\/shop\/weed-control-99min-sodium-chlorate-treats-150-sq-yards-weedkiller-4lbs\/","article_modified_time":"2026-03-20T14:02:11+00:00","og_image":[{"width":493,"height":487,"url":"https:\/\/tulucechemicals.com\/wp-content\/uploads\/2024\/01\/sch.png","type":"image\/png"}],"twitter_card":"summary_large_image","twitter_misc":{"Tiempo de lectura":"2 minutos"},"schema":{"@context":"https:\/\/schema.org","@graph":[{"@type":"WebPage","@id":"https:\/\/tulucechemicals.com\/shop\/weed-control-99min-sodium-chlorate-treats-150-sq-yards-weedkiller-4lbs\/","url":"https:\/\/tulucechemicals.com\/shop\/weed-control-99min-sodium-chlorate-treats-150-sq-yards-weedkiller-4lbs\/","name":"Weed Control 99%min Sodium Chlorate Treats 150 sq yards! Weedkiller 4lbs -","isPartOf":{"@id":"https:\/\/tulucechemicals.com\/#website"},"primaryImageOfPage":{"@id":"https:\/\/tulucechemicals.com\/shop\/weed-control-99min-sodium-chlorate-treats-150-sq-yards-weedkiller-4lbs\/#primaryimage"},"image":{"@id":"https:\/\/tulucechemicals.com\/shop\/weed-control-99min-sodium-chlorate-treats-150-sq-yards-weedkiller-4lbs\/#primaryimage"},"thumbnailUrl":"https:\/\/tulucechemicals.com\/wp-content\/uploads\/2024\/01\/sch.png","datePublished":"2024-01-21T19:47:39+00:00","dateModified":"2026-03-20T14:02:11+00:00","breadcrumb":{"@id":"https:\/\/tulucechemicals.com\/shop\/weed-control-99min-sodium-chlorate-treats-150-sq-yards-weedkiller-4lbs\/#breadcrumb"},"inLanguage":"es","potentialAction":[{"@type":"ReadAction","target":["https:\/\/tulucechemicals.com\/shop\/weed-control-99min-sodium-chlorate-treats-150-sq-yards-weedkiller-4lbs\/"]}]},{"@type":"ImageObject","inLanguage":"es","@id":"https:\/\/tulucechemicals.com\/shop\/weed-control-99min-sodium-chlorate-treats-150-sq-yards-weedkiller-4lbs\/#primaryimage","url":"https:\/\/tulucechemicals.com\/wp-content\/uploads\/2024\/01\/sch.png","contentUrl":"https:\/\/tulucechemicals.com\/wp-content\/uploads\/2024\/01\/sch.png","width":493,"height":487},{"@type":"BreadcrumbList","@id":"https:\/\/tulucechemicals.com\/shop\/weed-control-99min-sodium-chlorate-treats-150-sq-yards-weedkiller-4lbs\/#breadcrumb","itemListElement":[{"@type":"ListItem","position":1,"name":"Home","item":"https:\/\/tulucechemicals.com\/"},{"@type":"ListItem","position":2,"name":"Shop","item":"https:\/\/tulucechemicals.com\/shop\/"},{"@type":"ListItem","position":3,"name":"Weed Control 99%min Sodium Chlorate Treats 150 sq yards! Weedkiller 4lbs"}]},{"@type":"WebSite","@id":"https:\/\/tulucechemicals.com\/#website","url":"https:\/\/tulucechemicals.com\/","name":"","description":"Sodium Chlorite Supplier","publisher":{"@id":"https:\/\/tulucechemicals.com\/#organization"},"potentialAction":[{"@type":"SearchAction","target":{"@type":"EntryPoint","urlTemplate":"https:\/\/tulucechemicals.com\/?s={search_term_string}"},"query-input":{"@type":"PropertyValueSpecification","valueRequired":true,"valueName":"search_term_string"}}],"inLanguage":"es"},{"@type":"Organization","@id":"https:\/\/tulucechemicals.com\/#organization","name":"Tuluce Chemicals","url":"https:\/\/tulucechemicals.com\/","logo":{"@type":"ImageObject","inLanguage":"es","@id":"https:\/\/tulucechemicals.com\/#\/schema\/logo\/image\/","url":"https:\/\/tulucechemicals.com\/wp-content\/uploads\/2022\/03\/cropped-cropped-logo1t-1-1.png","contentUrl":"https:\/\/tulucechemicals.com\/wp-content\/uploads\/2022\/03\/cropped-cropped-logo1t-1-1.png","width":700,"height":634,"caption":"Tuluce Chemicals"},"image":{"@id":"https:\/\/tulucechemicals.com\/#\/schema\/logo\/image\/"}}]}},"jetpack_sharing_enabled":true,"featured_media_urls":{"thumbnail":["https:\/\/tulucechemicals.com\/wp-content\/uploads\/2024\/01\/sch-150x150.png",150,150,true],"medium":["https:\/\/tulucechemicals.com\/wp-content\/uploads\/2024\/01\/sch-300x296.png",300,296,true],"medium_large":["https:\/\/tulucechemicals.com\/wp-content\/uploads\/2024\/01\/sch.png",493,487,false],"large":["https:\/\/tulucechemicals.com\/wp-content\/uploads\/2024\/01\/sch.png",493,487,false],"1536x1536":["https:\/\/tulucechemicals.com\/wp-content\/uploads\/2024\/01\/sch.png",493,487,false],"2048x2048":["https:\/\/tulucechemicals.com\/wp-content\/uploads\/2024\/01\/sch.png",493,487,false],"trp-custom-language-flag":["https:\/\/tulucechemicals.com\/wp-content\/uploads\/2024\/01\/sch-12x12.png",12,12,true],"inspiro-featured-image":["https:\/\/tulucechemicals.com\/wp-content\/uploads\/2024\/01\/sch.png",493,487,false],"inspiro-loop":["https:\/\/tulucechemicals.com\/wp-content\/uploads\/2024\/01\/sch-493x320.png",493,320,true],"inspiro-loop@2x":["https:\/\/tulucechemicals.com\/wp-content\/uploads\/2024\/01\/sch.png",493,487,false],"woocommerce_thumbnail":["https:\/\/tulucechemicals.com\/wp-content\/uploads\/2024\/01\/sch-270x215.png",270,215,true],"woocommerce_single":["https:\/\/tulucechemicals.com\/wp-content\/uploads\/2024\/01\/sch.png",493,487,false],"woocommerce_gallery_thumbnail":["https:\/\/tulucechemicals.com\/wp-content\/uploads\/2024\/01\/sch-100x100.png",100,100,true],"portfolio_item-thumbnail":["https:\/\/tulucechemicals.com\/wp-content\/uploads\/2024\/01\/sch-493x400.png",493,400,true],"portfolio_item-thumbnail@2x":["https:\/\/tulucechemicals.com\/wp-content\/uploads\/2024\/01\/sch.png",493,487,false],"portfolio_item-masonry":["https:\/\/tulucechemicals.com\/wp-content\/uploads\/2024\/01\/sch.png",493,487,false],"portfolio_item-masonry@2x":["https:\/\/tulucechemicals.com\/wp-content\/uploads\/2024\/01\/sch.png",493,487,false],"portfolio_item-thumbnail_cinema":["https:\/\/tulucechemicals.com\/wp-content\/uploads\/2024\/01\/sch-493x335.png",493,335,true],"portfolio_item-thumbnail_portrait":["https:\/\/tulucechemicals.com\/wp-content\/uploads\/2024\/01\/sch.png",493,487,false],"portfolio_item-thumbnail_portrait@2x":["https:\/\/tulucechemicals.com\/wp-content\/uploads\/2024\/01\/sch.png",493,487,false],"portfolio_item-thumbnail_square":["https:\/\/tulucechemicals.com\/wp-content\/uploads\/2024\/01\/sch.png",493,487,false],"sow-carousel-default":["https:\/\/tulucechemicals.com\/wp-content\/uploads\/2024\/01\/sch-272x182.png",272,182,true]},"_links":{"self":[{"href":"https:\/\/tulucechemicals.com\/es\/wp-json\/wp\/v2\/product\/4062","targetHints":{"allow":["GET"]}}],"collection":[{"href":"https:\/\/tulucechemicals.com\/es\/wp-json\/wp\/v2\/product"}],"about":[{"href":"https:\/\/tulucechemicals.com\/es\/wp-json\/wp\/v2\/types\/product"}],"replies":[{"embeddable":true,"href":"https:\/\/tulucechemicals.com\/es\/wp-json\/wp\/v2\/comments?post=4062"}],"wp:featuredmedia":[{"embeddable":true,"href":"https:\/\/tulucechemicals.com\/es\/wp-json\/wp\/v2\/media\/53022"}],"wp:attachment":[{"href":"https:\/\/tulucechemicals.com\/es\/wp-json\/wp\/v2\/media?parent=4062"}],"wp:term":[{"taxonomy":"product_brand","embeddable":true,"href":"https:\/\/tulucechemicals.com\/es\/wp-json\/wp\/v2\/product_brand?post=4062"},{"taxonomy":"product_cat","embeddable":true,"href":"https:\/\/tulucechemicals.com\/es\/wp-json\/wp\/v2\/product_cat?post=4062"},{"taxonomy":"product_tag","embeddable":true,"href":"https:\/\/tulucechemicals.com\/es\/wp-json\/wp\/v2\/product_tag?post=4062"}],"curies":[{"name":"wp","href":"https:\/\/api.w.org\/{rel}","templated":true}]}}